{"id":432,"date":"2022-10-19T12:41:03","date_gmt":"2022-10-19T10:41:03","guid":{"rendered":"https:\/\/kalendarze-biznesowe.pl\/?page_id=432"},"modified":"2022-10-21T06:27:41","modified_gmt":"2022-10-21T04:27:41","slug":"kontakt","status":"publish","type":"page","link":"https:\/\/kalendarze-biznesowe.pl\/?page_id=432","title":{"rendered":"Kontakt"},"content":{"rendered":"\t\t<div data-elementor-type=\"wp-page\" data-elementor-id=\"432\" class=\"elementor elementor-432\" data-elementor-post-type=\"page\">\n\t\t\t\t\t\t<section class=\"elementor-section elementor-top-section elementor-element elementor-element-7ade1330 elementor-section-height-min-height elementor-section-boxed elementor-section-height-default elementor-section-items-middle\" data-id=\"7ade1330\" data-element_type=\"section\" data-settings=\"{&quot;background_background&quot;:&quot;gradient&quot;,&quot;shape_divider_bottom&quot;:&quot;waves&quot;}\">\n\t\t\t\t\t\t\t<div class=\"elementor-background-overlay\"><\/div>\n\t\t\t\t\t\t<div class=\"elementor-shape elementor-shape-bottom\" aria-hidden=\"true\" data-negative=\"false\">\n\t\t\t<svg xmlns=\"http:\/\/www.w3.org\/2000\/svg\" viewBox=\"0 0 1000 100\" preserveAspectRatio=\"none\">\n\t<path class=\"elementor-shape-fill\" d=\"M421.9,6.5c22.6-2.5,51.5,0.4,75.5,5.3c23.6,4.9,70.9,23.5,100.5,35.7c75.8,32.2,133.7,44.5,192.6,49.7\n\tc23.6,2.1,48.7,3.5,103.4-2.5c54.7-6,106.2-25.6,106.2-25.6V0H0v30.3c0,0,72,32.6,158.4,30.5c39.2-0.7,92.8-6.7,134-22.4\n\tc21.2-8.1,52.2-18.2,79.7-24.2C399.3,7.9,411.6,7.5,421.9,6.5z\"\/>\n<\/svg>\t\t<\/div>\n\t\t\t\t\t<div class=\"elementor-container elementor-column-gap-default\">\n\t\t\t\t\t<div class=\"elementor-column elementor-col-100 elementor-top-column elementor-element elementor-element-5c3998e7\" data-id=\"5c3998e7\" data-element_type=\"column\">\n\t\t\t<div class=\"elementor-widget-wrap elementor-element-populated\">\n\t\t\t\t\t\t<div class=\"elementor-element elementor-element-839647 elementor-widget-divider--separator-type-pattern elementor-widget-divider--view-line elementor-widget elementor-widget-divider\" data-id=\"839647\" data-element_type=\"widget\" data-widget_type=\"divider.default\">\n\t\t\t\t<div class=\"elementor-widget-container\">\n\t\t\t\t\t\t\t<div class=\"elementor-divider\" style=\"--divider-pattern-url: url(&quot;data:image\/svg+xml,%3Csvg xmlns=&#039;http:\/\/www.w3.org\/2000\/svg&#039; preserveAspectRatio=&#039;none&#039; overflow=&#039;visible&#039; height=&#039;100%&#039; viewBox=&#039;0 0 24 24&#039; fill=&#039;none&#039; stroke=&#039;black&#039; stroke-width=&#039;8&#039; stroke-linecap=&#039;square&#039; stroke-miterlimit=&#039;10&#039;%3E%3Cpath d=&#039;M0,6c6,0,0.9,11.1,6.9,11.1S18,6,24,6&#039;\/%3E%3C\/svg%3E&quot;);\">\n\t\t\t<span class=\"elementor-divider-separator\">\n\t\t\t\t\t\t<\/span>\n\t\t<\/div>\n\t\t\t\t\t\t<\/div>\n\t\t\t\t<\/div>\n\t\t\t\t\t<\/div>\n\t\t<\/div>\n\t\t\t\t\t<\/div>\n\t\t<\/section>\n\t\t\t\t<section class=\"elementor-section elementor-top-section elementor-element elementor-element-219b8f3d elementor-section-boxed elementor-section-height-default elementor-section-height-default\" data-id=\"219b8f3d\" data-element_type=\"section\">\n\t\t\t\t\t\t<div class=\"elementor-container elementor-column-gap-default\">\n\t\t\t\t\t<div class=\"elementor-column elementor-col-50 elementor-top-column elementor-element elementor-element-45488d5d\" data-id=\"45488d5d\" data-element_type=\"column\">\n\t\t\t<div class=\"elementor-widget-wrap elementor-element-populated\">\n\t\t\t\t\t\t<div class=\"elementor-element elementor-element-490ee381 elementor-widget elementor-widget-heading\" data-id=\"490ee381\" data-element_type=\"widget\" data-widget_type=\"heading.default\">\n\t\t\t\t<div class=\"elementor-widget-container\">\n\t\t\t\t\t<h2 class=\"elementor-heading-title elementor-size-default\">Jak mo\u017cemy Ci pom\u00f3c?<\/h2>\t\t\t\t<\/div>\n\t\t\t\t<\/div>\n\t\t\t\t<div class=\"elementor-element elementor-element-3f8e0714 elementor-button-align-start elementor-mobile-button-align-stretch elementor-widget elementor-widget-form\" data-id=\"3f8e0714\" data-element_type=\"widget\" data-settings=\"{&quot;step_next_label&quot;:&quot;Next&quot;,&quot;step_previous_label&quot;:&quot;Previous&quot;,&quot;step_type&quot;:&quot;number_text&quot;,&quot;step_icon_shape&quot;:&quot;circle&quot;}\" data-widget_type=\"form.default\">\n\t\t\t\t<div class=\"elementor-widget-container\">\n\t\t\t\t\t\t\t<form class=\"elementor-form\" method=\"post\" name=\"Formularz Kontaktowy\" aria-label=\"Formularz Kontaktowy\">\n\t\t\t<input type=\"hidden\" name=\"post_id\" value=\"432\"\/>\n\t\t\t<input type=\"hidden\" name=\"form_id\" value=\"3f8e0714\"\/>\n\t\t\t<input type=\"hidden\" name=\"referer_title\" value=\"Drukarnia Kalendarzy dla Firm \u27a1\ufe0f 2026 Najlepsza Oferta i Jako\u015b\u0107!\" \/>\n\n\t\t\t\n\t\t\t<div class=\"elementor-form-fields-wrapper elementor-labels-\">\n\t\t\t\t\t\t\t\t<div class=\"elementor-field-type-text elementor-field-group elementor-column elementor-field-group-name elementor-col-33 elementor-field-required\">\n\t\t\t\t\t\t\t\t\t\t\t\t<label for=\"form-field-name\" class=\"elementor-field-label elementor-screen-only\">\n\t\t\t\t\t\t\t\tNazwa Firmy\t\t\t\t\t\t\t<\/label>\n\t\t\t\t\t\t\t\t\t\t\t\t\t\t<input size=\"1\" type=\"text\" name=\"form_fields[name]\" id=\"form-field-name\" class=\"elementor-field elementor-size-lg  elementor-field-textual\" placeholder=\"Nazwa Firmy\" required=\"required\">\n\t\t\t\t\t\t\t\t\t\t\t<\/div>\n\t\t\t\t\t\t\t\t<div class=\"elementor-field-type-email elementor-field-group elementor-column elementor-field-group-email elementor-col-33 elementor-field-required\">\n\t\t\t\t\t\t\t\t\t\t\t\t<label for=\"form-field-email\" class=\"elementor-field-label elementor-screen-only\">\n\t\t\t\t\t\t\t\tEmail s\u0142u\u017cbowy\t\t\t\t\t\t\t<\/label>\n\t\t\t\t\t\t\t\t\t\t\t\t\t\t<input size=\"1\" type=\"email\" name=\"form_fields[email]\" id=\"form-field-email\" class=\"elementor-field elementor-size-lg  elementor-field-textual\" placeholder=\"Email s\u0142u\u017cbowy\" required=\"required\">\n\t\t\t\t\t\t\t\t\t\t\t<\/div>\n\t\t\t\t\t\t\t\t<div class=\"elementor-field-type-text elementor-field-group elementor-column elementor-field-group-field_1 elementor-col-33 elementor-field-required\">\n\t\t\t\t\t\t\t\t\t\t\t\t<label for=\"form-field-field_1\" class=\"elementor-field-label elementor-screen-only\">\n\t\t\t\t\t\t\t\tTelefon\t\t\t\t\t\t\t<\/label>\n\t\t\t\t\t\t\t\t\t\t\t\t\t\t<input size=\"1\" type=\"text\" name=\"form_fields[field_1]\" id=\"form-field-field_1\" class=\"elementor-field elementor-size-lg  elementor-field-textual\" placeholder=\"Telefon\" required=\"required\">\n\t\t\t\t\t\t\t\t\t\t\t<\/div>\n\t\t\t\t\t\t\t\t<div class=\"elementor-field-type-text elementor-field-group elementor-column elementor-field-group-field_64d69af elementor-col-100 elementor-field-required\">\n\t\t\t\t\t\t\t\t\t\t\t\t<label for=\"form-field-field_64d69af\" class=\"elementor-field-label elementor-screen-only\">\n\t\t\t\t\t\t\t\tZapytanie\t\t\t\t\t\t\t<\/label>\n\t\t\t\t\t\t\t\t\t\t\t\t\t\t<input size=\"1\" type=\"text\" name=\"form_fields[field_64d69af]\" id=\"form-field-field_64d69af\" class=\"elementor-field elementor-size-lg  elementor-field-textual\" placeholder=\"Tre\u015b\u0107 zapytania\" required=\"required\">\n\t\t\t\t\t\t\t\t\t\t\t<\/div>\n\t\t\t\t\t\t\t\t<div class=\"elementor-field-type-recaptcha_v3 elementor-field-group elementor-column elementor-field-group-field_195cfd5 elementor-col-100 recaptcha_v3-bottomright\">\n\t\t\t\t\t<div class=\"elementor-field\" id=\"form-field-field_195cfd5\"><div class=\"elementor-g-recaptcha\" data-sitekey=\"6LfgLZciAAAAADcHMilTk6tdJDpJe-koTCeklZWl\" data-type=\"v3\" data-action=\"Form\" data-badge=\"bottomright\" data-size=\"invisible\"><\/div><\/div>\t\t\t\t<\/div>\n\t\t\t\t\t\t\t\t<div class=\"elementor-field-type-acceptance elementor-field-group elementor-column elementor-field-group-field_2a37951 elementor-col-100\">\n\t\t\t\t\t\t\t\t\t\t\t\t<label for=\"form-field-field_2a37951\" class=\"elementor-field-label elementor-screen-only\">\n\t\t\t\t\t\t\t\tAkceptuj\u0119 \t\t\t\t\t\t\t<\/label>\n\t\t\t\t\t\t\t\t<div class=\"elementor-field-subgroup\">\n\t\t\t<span class=\"elementor-field-option\">\n\t\t\t\t<input type=\"checkbox\" name=\"form_fields[field_2a37951]\" id=\"form-field-field_2a37951\" class=\"elementor-field elementor-size-lg  elementor-acceptance-field\">\n\t\t\t\t<label for=\"form-field-field_2a37951\">Akceptuj\u0119 przetwarzanie danych przez sp\u00f3\u0142k\u0119 Prokoder Studio Sp. z o.o. Sp. K. w celu przygotowania oferty, odpowiedzi na zapytanie z formularza kontaktowego.<\/label>\t\t\t<\/span>\n\t\t<\/div>\n\t\t\t\t\t\t<\/div>\n\t\t\t\t\t\t\t\t<div class=\"elementor-field-group elementor-column elementor-field-type-submit elementor-col-100 e-form__buttons\">\n\t\t\t\t\t<button class=\"elementor-button elementor-size-md elementor-animation-bob\" type=\"submit\">\n\t\t\t\t\t\t<span class=\"elementor-button-content-wrapper\">\n\t\t\t\t\t\t\t\t\t\t\t\t\t\t\t\t\t\t\t\t\t\t<span class=\"elementor-button-text\">Wy\u015blij<\/span>\n\t\t\t\t\t\t\t\t\t\t\t\t\t<\/span>\n\t\t\t\t\t<\/button>\n\t\t\t\t<\/div>\n\t\t\t<\/div>\n\t\t<\/form>\n\t\t\t\t\t\t<\/div>\n\t\t\t\t<\/div>\n\t\t\t\t<div class=\"elementor-element elementor-element-5a52e749 elementor-widget elementor-widget-spacer\" data-id=\"5a52e749\" data-element_type=\"widget\" data-widget_type=\"spacer.default\">\n\t\t\t\t<div class=\"elementor-widget-container\">\n\t\t\t\t\t\t\t<div class=\"elementor-spacer\">\n\t\t\t<div class=\"elementor-spacer-inner\"><\/div>\n\t\t<\/div>\n\t\t\t\t\t\t<\/div>\n\t\t\t\t<\/div>\n\t\t\t\t<div class=\"elementor-element elementor-element-39bccb8 elementor-widget elementor-widget-heading\" data-id=\"39bccb8\" data-element_type=\"widget\" data-widget_type=\"heading.default\">\n\t\t\t\t<div class=\"elementor-widget-container\">\n\t\t\t\t\t<h2 class=\"elementor-heading-title elementor-size-default\">Dane Kontaktowe<\/h2>\t\t\t\t<\/div>\n\t\t\t\t<\/div>\n\t\t\t\t<div class=\"elementor-element elementor-element-3077d86a elementor-widget elementor-widget-text-editor\" data-id=\"3077d86a\" data-element_type=\"widget\" data-widget_type=\"text-editor.default\">\n\t\t\t\t<div class=\"elementor-widget-container\">\n\t\t\t\t\t\t\t\t\t<p>Kalendarze-biznesowe.pl<\/p><h3>PROKODER STUDIO SP. Z\u00a0O.O. SP. K.<\/h3><p class=\"vc_custom_heading\">ul.\u00a0\u015aciegiennego 201<br \/>25-116 Kielce<br \/>NIP: 657-292-92-89<\/p><p><br \/><strong>Telefon zam\u00f3wienia kalendarzy:<\/strong> 883 901 152<br \/><strong>Telefon faktury, rozliczenia:<\/strong>\u00a0536 270 245<br \/><strong>email zam\u00f3wienia kalendarzy:<\/strong> iwona.topolska@prokoder.pl<\/p><p><strong>Godziny otwarcia biura<\/strong><br \/>Poniedzia\u0142ek -Pi\u0105tek 8:00-16:00<br \/>Sobota \u2013 Zamkni\u0119te<\/p>\t\t\t\t\t\t\t\t<\/div>\n\t\t\t\t<\/div>\n\t\t\t\t\t<\/div>\n\t\t<\/div>\n\t\t\t\t<div class=\"elementor-column elementor-col-50 elementor-top-column elementor-element elementor-element-5b195667\" data-id=\"5b195667\" data-element_type=\"column\" data-settings=\"{&quot;background_background&quot;:&quot;classic&quot;}\">\n\t\t\t<div class=\"elementor-widget-wrap elementor-element-populated\">\n\t\t\t\t\t\t<div class=\"elementor-element elementor-element-117d7e03 elementor-widget elementor-widget-image\" data-id=\"117d7e03\" data-element_type=\"widget\" data-widget_type=\"image.default\">\n\t\t\t\t<div class=\"elementor-widget-container\">\n\t\t\t\t\t\t\t\t\t\t\t\t\t\t\t<img fetchpriority=\"high\" decoding=\"async\" width=\"612\" height=\"1000\" src=\"https:\/\/kalendarze-biznesowe.pl\/wp-content\/uploads\/2022\/10\/image-section-93-min.png\" class=\"attachment-large size-large wp-image-82\" alt=\"\" srcset=\"https:\/\/kalendarze-biznesowe.pl\/wp-content\/uploads\/2022\/10\/image-section-93-min.png 612w, https:\/\/kalendarze-biznesowe.pl\/wp-content\/uploads\/2022\/10\/image-section-93-min-184x300.png 184w\" sizes=\"(max-width: 612px) 100vw, 612px\" \/>\t\t\t\t\t\t\t\t\t\t\t\t\t\t\t<\/div>\n\t\t\t\t<\/div>\n\t\t\t\t<div class=\"elementor-element elementor-element-61f330c elementor-widget__width-initial elementor-absolute elementor-widget elementor-widget-image\" data-id=\"61f330c\" data-element_type=\"widget\" data-settings=\"{&quot;_position&quot;:&quot;absolute&quot;}\" data-widget_type=\"image.default\">\n\t\t\t\t<div class=\"elementor-widget-container\">\n\t\t\t\t\t\t\t\t\t\t\t\t\t\t\t<img decoding=\"async\" width=\"500\" height=\"500\" src=\"https:\/\/kalendarze-biznesowe.pl\/wp-content\/uploads\/2022\/10\/image-section-75-min.png\" class=\"attachment-large size-large wp-image-77\" alt=\"\" srcset=\"https:\/\/kalendarze-biznesowe.pl\/wp-content\/uploads\/2022\/10\/image-section-75-min.png 500w, https:\/\/kalendarze-biznesowe.pl\/wp-content\/uploads\/2022\/10\/image-section-75-min-300x300.png 300w, https:\/\/kalendarze-biznesowe.pl\/wp-content\/uploads\/2022\/10\/image-section-75-min-150x150.png 150w\" sizes=\"(max-width: 500px) 100vw, 500px\" \/>\t\t\t\t\t\t\t\t\t\t\t\t\t\t\t<\/div>\n\t\t\t\t<\/div>\n\t\t\t\t<div class=\"elementor-element elementor-element-5a248577 elementor-widget__width-initial elementor-absolute elementor-widget-tablet__width-initial elementor-widget-mobile__width-initial elementor-align-center elementor-widget elementor-widget-lottie\" data-id=\"5a248577\" data-element_type=\"widget\" data-settings=\"{&quot;loop&quot;:&quot;yes&quot;,&quot;_position&quot;:&quot;absolute&quot;,&quot;source&quot;:&quot;external_url&quot;,&quot;source_external_url&quot;:{&quot;url&quot;:&quot;https:\\\/\\\/assets6.lottiefiles.com\\\/packages\\\/lf20_wneywr61.json&quot;,&quot;is_external&quot;:&quot;&quot;,&quot;nofollow&quot;:&quot;&quot;,&quot;custom_attributes&quot;:&quot;&quot;},&quot;link_to&quot;:&quot;none&quot;,&quot;trigger&quot;:&quot;arriving_to_viewport&quot;,&quot;viewport&quot;:{&quot;unit&quot;:&quot;%&quot;,&quot;size&quot;:&quot;&quot;,&quot;sizes&quot;:{&quot;start&quot;:0,&quot;end&quot;:100}},&quot;play_speed&quot;:{&quot;unit&quot;:&quot;px&quot;,&quot;size&quot;:1,&quot;sizes&quot;:[]},&quot;start_point&quot;:{&quot;unit&quot;:&quot;%&quot;,&quot;size&quot;:0,&quot;sizes&quot;:[]},&quot;end_point&quot;:{&quot;unit&quot;:&quot;%&quot;,&quot;size&quot;:100,&quot;sizes&quot;:[]},&quot;renderer&quot;:&quot;svg&quot;}\" data-widget_type=\"lottie.default\">\n\t\t\t\t<div class=\"elementor-widget-container\">\n\t\t\t\t\t<div class=\"e-lottie__container\"><div class=\"e-lottie__animation\"><\/div><\/div>\t\t\t\t<\/div>\n\t\t\t\t<\/div>\n\t\t\t\t\t<\/div>\n\t\t<\/div>\n\t\t\t\t\t<\/div>\n\t\t<\/section>\n\t\t\t\t<\/div>\n\t\t","protected":false},"excerpt":{"rendered":"<p>Jak mo\u017cemy Ci pom\u00f3c? Dane Kontaktowe Kalendarze-biznesowe.pl PROKODER STUDIO SP. Z\u00a0O.O. SP. K. ul.\u00a0\u015aciegiennego 20125-116 KielceNIP: 657-292-92-89 Telefon zam\u00f3wienia kalendarzy: 883 901 152Telefon faktury, rozliczenia:\u00a0536 270 245email zam\u00f3wienia kalendarzy: iwona.topolska@prokoder.pl Godziny otwarcia biuraPoniedzia\u0142ek -Pi\u0105tek 8:00-16:00Sobota \u2013 Zamkni\u0119te<\/p>\n","protected":false},"author":1,"featured_media":236,"parent":0,"menu_order":0,"comment_status":"closed","ping_status":"closed","template":"","meta":{"footnotes":""},"class_list":["post-432","page","type-page","status-publish","has-post-thumbnail","hentry"],"yoast_head":"<!-- This site is optimized with the Yoast SEO plugin v26.1.1 - https:\/\/yoast.com\/wordpress\/plugins\/seo\/ -->\n<title>Kontakt - Drukarnia Kalendarzy dla Firm \u27a1\ufe0f 2026 Najlepsza Oferta i Jako\u015b\u0107!<\/title>\n<meta name=\"robots\" content=\"index, follow, max-snippet:-1, max-image-preview:large, max-video-preview:-1\" \/>\n<link rel=\"canonical\" href=\"https:\/\/kalendarze-biznesowe.pl\/?page_id=432\" \/>\n<meta property=\"og:locale\" content=\"pl_PL\" \/>\n<meta property=\"og:type\" content=\"article\" \/>\n<meta property=\"og:title\" content=\"Kontakt - Drukarnia Kalendarzy dla Firm \u27a1\ufe0f 2026 Najlepsza Oferta i Jako\u015b\u0107!\" \/>\n<meta property=\"og:description\" content=\"Jak mo\u017cemy Ci pom\u00f3c? Dane Kontaktowe Kalendarze-biznesowe.pl PROKODER STUDIO SP. Z\u00a0O.O. SP. K. ul.\u00a0\u015aciegiennego 20125-116 KielceNIP: 657-292-92-89 Telefon zam\u00f3wienia kalendarzy: 883 901 152Telefon faktury, rozliczenia:\u00a0536 270 245email zam\u00f3wienia kalendarzy: iwona.topolska@prokoder.pl Godziny otwarcia biuraPoniedzia\u0142ek -Pi\u0105tek 8:00-16:00Sobota \u2013 Zamkni\u0119te\" \/>\n<meta property=\"og:url\" content=\"https:\/\/kalendarze-biznesowe.pl\/?page_id=432\" \/>\n<meta property=\"og:site_name\" content=\"Drukarnia Kalendarzy dla Firm \u27a1\ufe0f 2026 Najlepsza Oferta i Jako\u015b\u0107!\" \/>\n<meta property=\"article:publisher\" content=\"https:\/\/www.facebook.com\/ProkoderStudio\" \/>\n<meta property=\"article:modified_time\" content=\"2022-10-21T04:27:41+00:00\" \/>\n<meta property=\"og:image\" content=\"https:\/\/kalendarze-biznesowe.pl\/wp-content\/uploads\/2022\/10\/drukarnia-kalendaria-do-kalendarzy.png\" \/>\n\t<meta property=\"og:image:width\" content=\"524\" \/>\n\t<meta property=\"og:image:height\" content=\"427\" \/>\n\t<meta property=\"og:image:type\" content=\"image\/png\" \/>\n<meta name=\"twitter:card\" content=\"summary_large_image\" \/>\n<script type=\"application\/ld+json\" class=\"yoast-schema-graph\">{\"@context\":\"https:\/\/schema.org\",\"@graph\":[{\"@type\":\"WebPage\",\"@id\":\"https:\/\/kalendarze-biznesowe.pl\/?page_id=432\",\"url\":\"https:\/\/kalendarze-biznesowe.pl\/?page_id=432\",\"name\":\"Kontakt - Drukarnia Kalendarzy dla Firm \u27a1\ufe0f 2026 Najlepsza Oferta i Jako\u015b\u0107!\",\"isPartOf\":{\"@id\":\"https:\/\/kalendarze-biznesowe.pl\/#website\"},\"primaryImageOfPage\":{\"@id\":\"https:\/\/kalendarze-biznesowe.pl\/?page_id=432#primaryimage\"},\"image\":{\"@id\":\"https:\/\/kalendarze-biznesowe.pl\/?page_id=432#primaryimage\"},\"thumbnailUrl\":\"https:\/\/kalendarze-biznesowe.pl\/wp-content\/uploads\/2022\/10\/drukarnia-kalendaria-do-kalendarzy.png\",\"datePublished\":\"2022-10-19T10:41:03+00:00\",\"dateModified\":\"2022-10-21T04:27:41+00:00\",\"breadcrumb\":{\"@id\":\"https:\/\/kalendarze-biznesowe.pl\/?page_id=432#breadcrumb\"},\"inLanguage\":\"pl-PL\",\"potentialAction\":[{\"@type\":\"ReadAction\",\"target\":[\"https:\/\/kalendarze-biznesowe.pl\/?page_id=432\"]}]},{\"@type\":\"ImageObject\",\"inLanguage\":\"pl-PL\",\"@id\":\"https:\/\/kalendarze-biznesowe.pl\/?page_id=432#primaryimage\",\"url\":\"https:\/\/kalendarze-biznesowe.pl\/wp-content\/uploads\/2022\/10\/drukarnia-kalendaria-do-kalendarzy.png\",\"contentUrl\":\"https:\/\/kalendarze-biznesowe.pl\/wp-content\/uploads\/2022\/10\/drukarnia-kalendaria-do-kalendarzy.png\",\"width\":524,\"height\":427,\"caption\":\"personalizowane kalendaria\"},{\"@type\":\"BreadcrumbList\",\"@id\":\"https:\/\/kalendarze-biznesowe.pl\/?page_id=432#breadcrumb\",\"itemListElement\":[{\"@type\":\"ListItem\",\"position\":1,\"name\":\"Strona g\u0142\u00f3wna\",\"item\":\"https:\/\/kalendarze-biznesowe.pl\/\"},{\"@type\":\"ListItem\",\"position\":2,\"name\":\"Kontakt\"}]},{\"@type\":\"WebSite\",\"@id\":\"https:\/\/kalendarze-biznesowe.pl\/#website\",\"url\":\"https:\/\/kalendarze-biznesowe.pl\/\",\"name\":\"Drukarnia Kalendarzy dla Firm \u27a1\ufe0f 2026 Najlepsza Oferta i Jako\u015b\u0107!\",\"description\":\"Drukujemy kalendarze reklamowe dla firm. Stw\u00f3rz z nami praktyczny i elegancki kalendarz biznesowy. Oferujemy kalendarze reklamowe na rok 2026. Najwi\u0119ksza oferta na kalendarze!\",\"publisher\":{\"@id\":\"https:\/\/kalendarze-biznesowe.pl\/#organization\"},\"potentialAction\":[{\"@type\":\"SearchAction\",\"target\":{\"@type\":\"EntryPoint\",\"urlTemplate\":\"https:\/\/kalendarze-biznesowe.pl\/?s={search_term_string}\"},\"query-input\":{\"@type\":\"PropertyValueSpecification\",\"valueRequired\":true,\"valueName\":\"search_term_string\"}}],\"inLanguage\":\"pl-PL\"},{\"@type\":\"Organization\",\"@id\":\"https:\/\/kalendarze-biznesowe.pl\/#organization\",\"name\":\"Drukarnia Kalendarzy dla Firm \u27a1\ufe0f 2026 Najlepsza Oferta i Jako\u015b\u0107!\",\"url\":\"https:\/\/kalendarze-biznesowe.pl\/\",\"logo\":{\"@type\":\"ImageObject\",\"inLanguage\":\"pl-PL\",\"@id\":\"https:\/\/kalendarze-biznesowe.pl\/#\/schema\/logo\/image\/\",\"url\":\"https:\/\/kalendarze-biznesowe.pl\/wp-content\/uploads\/2022\/10\/Logo-Prokoder-Studio.png\",\"contentUrl\":\"https:\/\/kalendarze-biznesowe.pl\/wp-content\/uploads\/2022\/10\/Logo-Prokoder-Studio.png\",\"width\":928,\"height\":285,\"caption\":\"Drukarnia Kalendarzy dla Firm \u27a1\ufe0f 2026 Najlepsza Oferta i Jako\u015b\u0107!\"},\"image\":{\"@id\":\"https:\/\/kalendarze-biznesowe.pl\/#\/schema\/logo\/image\/\"},\"sameAs\":[\"https:\/\/www.facebook.com\/ProkoderStudio\"]}]}<\/script>\n<!-- \/ Yoast SEO plugin. -->","yoast_head_json":{"title":"Kontakt - Drukarnia Kalendarzy dla Firm \u27a1\ufe0f 2026 Najlepsza Oferta i Jako\u015b\u0107!","robots":{"index":"index","follow":"follow","max-snippet":"max-snippet:-1","max-image-preview":"max-image-preview:large","max-video-preview":"max-video-preview:-1"},"canonical":"https:\/\/kalendarze-biznesowe.pl\/?page_id=432","og_locale":"pl_PL","og_type":"article","og_title":"Kontakt - Drukarnia Kalendarzy dla Firm \u27a1\ufe0f 2026 Najlepsza Oferta i Jako\u015b\u0107!","og_description":"Jak mo\u017cemy Ci pom\u00f3c? Dane Kontaktowe Kalendarze-biznesowe.pl PROKODER STUDIO SP. Z\u00a0O.O. SP. K. ul.\u00a0\u015aciegiennego 20125-116 KielceNIP: 657-292-92-89 Telefon zam\u00f3wienia kalendarzy: 883 901 152Telefon faktury, rozliczenia:\u00a0536 270 245email zam\u00f3wienia kalendarzy: iwona.topolska@prokoder.pl Godziny otwarcia biuraPoniedzia\u0142ek -Pi\u0105tek 8:00-16:00Sobota \u2013 Zamkni\u0119te","og_url":"https:\/\/kalendarze-biznesowe.pl\/?page_id=432","og_site_name":"Drukarnia Kalendarzy dla Firm \u27a1\ufe0f 2026 Najlepsza Oferta i Jako\u015b\u0107!","article_publisher":"https:\/\/www.facebook.com\/ProkoderStudio","article_modified_time":"2022-10-21T04:27:41+00:00","og_image":[{"width":524,"height":427,"url":"https:\/\/kalendarze-biznesowe.pl\/wp-content\/uploads\/2022\/10\/drukarnia-kalendaria-do-kalendarzy.png","type":"image\/png"}],"twitter_card":"summary_large_image","schema":{"@context":"https:\/\/schema.org","@graph":[{"@type":"WebPage","@id":"https:\/\/kalendarze-biznesowe.pl\/?page_id=432","url":"https:\/\/kalendarze-biznesowe.pl\/?page_id=432","name":"Kontakt - Drukarnia Kalendarzy dla Firm \u27a1\ufe0f 2026 Najlepsza Oferta i Jako\u015b\u0107!","isPartOf":{"@id":"https:\/\/kalendarze-biznesowe.pl\/#website"},"primaryImageOfPage":{"@id":"https:\/\/kalendarze-biznesowe.pl\/?page_id=432#primaryimage"},"image":{"@id":"https:\/\/kalendarze-biznesowe.pl\/?page_id=432#primaryimage"},"thumbnailUrl":"https:\/\/kalendarze-biznesowe.pl\/wp-content\/uploads\/2022\/10\/drukarnia-kalendaria-do-kalendarzy.png","datePublished":"2022-10-19T10:41:03+00:00","dateModified":"2022-10-21T04:27:41+00:00","breadcrumb":{"@id":"https:\/\/kalendarze-biznesowe.pl\/?page_id=432#breadcrumb"},"inLanguage":"pl-PL","potentialAction":[{"@type":"ReadAction","target":["https:\/\/kalendarze-biznesowe.pl\/?page_id=432"]}]},{"@type":"ImageObject","inLanguage":"pl-PL","@id":"https:\/\/kalendarze-biznesowe.pl\/?page_id=432#primaryimage","url":"https:\/\/kalendarze-biznesowe.pl\/wp-content\/uploads\/2022\/10\/drukarnia-kalendaria-do-kalendarzy.png","contentUrl":"https:\/\/kalendarze-biznesowe.pl\/wp-content\/uploads\/2022\/10\/drukarnia-kalendaria-do-kalendarzy.png","width":524,"height":427,"caption":"personalizowane kalendaria"},{"@type":"BreadcrumbList","@id":"https:\/\/kalendarze-biznesowe.pl\/?page_id=432#breadcrumb","itemListElement":[{"@type":"ListItem","position":1,"name":"Strona g\u0142\u00f3wna","item":"https:\/\/kalendarze-biznesowe.pl\/"},{"@type":"ListItem","position":2,"name":"Kontakt"}]},{"@type":"WebSite","@id":"https:\/\/kalendarze-biznesowe.pl\/#website","url":"https:\/\/kalendarze-biznesowe.pl\/","name":"Drukarnia Kalendarzy dla Firm \u27a1\ufe0f 2026 Najlepsza Oferta i Jako\u015b\u0107!","description":"Drukujemy kalendarze reklamowe dla firm. Stw\u00f3rz z nami praktyczny i elegancki kalendarz biznesowy. Oferujemy kalendarze reklamowe na rok 2026. Najwi\u0119ksza oferta na kalendarze!","publisher":{"@id":"https:\/\/kalendarze-biznesowe.pl\/#organization"},"potentialAction":[{"@type":"SearchAction","target":{"@type":"EntryPoint","urlTemplate":"https:\/\/kalendarze-biznesowe.pl\/?s={search_term_string}"},"query-input":{"@type":"PropertyValueSpecification","valueRequired":true,"valueName":"search_term_string"}}],"inLanguage":"pl-PL"},{"@type":"Organization","@id":"https:\/\/kalendarze-biznesowe.pl\/#organization","name":"Drukarnia Kalendarzy dla Firm \u27a1\ufe0f 2026 Najlepsza Oferta i Jako\u015b\u0107!","url":"https:\/\/kalendarze-biznesowe.pl\/","logo":{"@type":"ImageObject","inLanguage":"pl-PL","@id":"https:\/\/kalendarze-biznesowe.pl\/#\/schema\/logo\/image\/","url":"https:\/\/kalendarze-biznesowe.pl\/wp-content\/uploads\/2022\/10\/Logo-Prokoder-Studio.png","contentUrl":"https:\/\/kalendarze-biznesowe.pl\/wp-content\/uploads\/2022\/10\/Logo-Prokoder-Studio.png","width":928,"height":285,"caption":"Drukarnia Kalendarzy dla Firm \u27a1\ufe0f 2026 Najlepsza Oferta i Jako\u015b\u0107!"},"image":{"@id":"https:\/\/kalendarze-biznesowe.pl\/#\/schema\/logo\/image\/"},"sameAs":["https:\/\/www.facebook.com\/ProkoderStudio"]}]}},"_links":{"self":[{"href":"https:\/\/kalendarze-biznesowe.pl\/index.php?rest_route=\/wp\/v2\/pages\/432","targetHints":{"allow":["GET"]}}],"collection":[{"href":"https:\/\/kalendarze-biznesowe.pl\/index.php?rest_route=\/wp\/v2\/pages"}],"about":[{"href":"https:\/\/kalendarze-biznesowe.pl\/index.php?rest_route=\/wp\/v2\/types\/page"}],"author":[{"embeddable":true,"href":"https:\/\/kalendarze-biznesowe.pl\/index.php?rest_route=\/wp\/v2\/users\/1"}],"replies":[{"embeddable":true,"href":"https:\/\/kalendarze-biznesowe.pl\/index.php?rest_route=%2Fwp%2Fv2%2Fcomments&post=432"}],"version-history":[{"count":0,"href":"https:\/\/kalendarze-biznesowe.pl\/index.php?rest_route=\/wp\/v2\/pages\/432\/revisions"}],"wp:featuredmedia":[{"embeddable":true,"href":"https:\/\/kalendarze-biznesowe.pl\/index.php?rest_route=\/wp\/v2\/media\/236"}],"wp:attachment":[{"href":"https:\/\/kalendarze-biznesowe.pl\/index.php?rest_route=%2Fwp%2Fv2%2Fmedia&parent=432"}],"curies":[{"name":"wp","href":"https:\/\/api.w.org\/{rel}","templated":true}]}}